{"id":137,"date":"2022-05-23T20:51:31","date_gmt":"2022-05-23T20:51:31","guid":{"rendered":"https:\/\/alldo.me\/?page_id=137"},"modified":"2022-07-12T15:13:26","modified_gmt":"2022-07-12T15:13:26","slug":"inicio-visual-composer","status":"publish","type":"page","link":"https:\/\/alldo.me\/it\/","title":{"rendered":""},"content":{"rendered":"<div class=\"vce-row-container\" data-vce-boxed-width=\"true\"><div class=\"vce-row vce-row--col-gap-30 vce-row-equal-height vce-row-content--top\" id=\"el-0e5507c8\" data-vce-do-apply=\"all el-0e5507c8\"><div class=\"vce-row-content\" data-vce-element-content=\"true\"><div class=\"vce-col vce-col--md-auto vce-col--xs-1 vce-col--xs-last vce-col--xs-first vce-col--sm-last vce-col--sm-first vce-col--md-last vce-col--lg-last vce-col--xl-last vce-col--md-first vce-col--lg-first vce-col--xl-first\" id=\"el-8752c7c9\"><div class=\"vce-col-inner\" data-vce-do-apply=\"border margin background  el-8752c7c9\"><div class=\"vce-col-content\" data-vce-element-content=\"true\" data-vce-do-apply=\"padding el-8752c7c9\"><div class=\"vce-text-block\"><div class=\"vce-text-block-wrapper vce\" id=\"el-1c8d0bbc\" data-vce-do-apply=\"all el-1c8d0bbc\"><p style=\"text-align: center;\"><em style=\"font-size: 20px; text-align: center;\">Mi chiamo Aldo, sono un produttore musicale e compositore. Ho avuto il privilegio di lavorare con un'ampia variet\u00e0 di artisti, suonando a eventi, producendo singoli, album e scrivendo canzoni; ho anche lavorato per la radio e la televisione realizzando musica per programmi e con aziende che producono musica per documentari, locuzioni e producendo jingle.<\/em><\/p><\/div><\/div><\/div><\/div><\/div><\/div><\/div><\/div><div class=\"vce-row-container\"><div class=\"vce-row vce-element--has-background vce-row--col-gap-30 vce-row-equal-height vce-row-content--top\" data-vce-full-width=\"true\" id=\"el-d7dbb223\" data-vce-do-apply=\"all el-d7dbb223\"><div class=\"vce-content-background-container\"><\/div><div class=\"vce-row-content\" data-vce-element-content=\"true\"><div class=\"vce-col vce-col--md-auto vce-col--xs-1 vce-col--xs-last vce-col--xs-first vce-col--sm-last vce-col--sm-first vce-col--md-last vce-col--lg-last vce-col--xl-last vce-col--md-first vce-col--lg-first vce-col--xl-first\" id=\"el-b9753dd1\"><div class=\"vce-col-inner\" data-vce-do-apply=\"border margin background  el-b9753dd1\"><div class=\"vce-col-content\" data-vce-element-content=\"true\" data-vce-do-apply=\"padding el-b9753dd1\"><div class=\"vce-image-masonry-gallery vce-image-masonry-gallery--border-rounded\"><div class=\"vce-image-masonry-gallery-wrapper vce vce-image-masonry-gallery--gap-8 vce-image-masonry-gallery--columns-3\" id=\"el-ce036c3e\" data-vce-do-apply=\"all el-ce036c3e\"><div class=\"vce-image-masonry-gallery-list\"><div class=\"vce-image-masonry-gallery-column\"><a href=\"https:\/\/alldo.me\/wp-content\/uploads\/2022\/05\/Foto-Aldo-4.jpg\" data-lightbox=\"lightbox-ce036c3e\" class=\"vce-image-masonry-gallery-item\"><img decoding=\"async\" class=\"vce-image-masonry-gallery-img\" src=\"https:\/\/alldo.me\/wp-content\/uploads\/2022\/05\/Foto-Aldo-4.jpg\" alt=\"\"><\/a><a href=\"https:\/\/alldo.me\/wp-content\/uploads\/2022\/05\/77500_10152121979342974_1054525557_o.jpg\" data-lightbox=\"lightbox-ce036c3e\" class=\"vce-image-masonry-gallery-item\"><img decoding=\"async\" class=\"vce-image-masonry-gallery-img\" src=\"https:\/\/alldo.me\/wp-content\/uploads\/2022\/05\/77500_10152121979342974_1054525557_o.jpg\" alt=\"\"><\/a><a href=\"https:\/\/alldo.me\/wp-content\/uploads\/2022\/05\/3-1-e1653399963830.jpg\" data-lightbox=\"lightbox-ce036c3e\" class=\"vce-image-masonry-gallery-item\"><img decoding=\"async\" class=\"vce-image-masonry-gallery-img\" src=\"https:\/\/alldo.me\/wp-content\/uploads\/2022\/05\/3-1-e1653399963830.jpg\" alt=\"\"><\/a><a href=\"https:\/\/alldo.me\/wp-content\/uploads\/2022\/05\/Pianos-2-scaled.jpg\" data-lightbox=\"lightbox-ce036c3e\" class=\"vce-image-masonry-gallery-item\"><img decoding=\"async\" class=\"vce-image-masonry-gallery-img\" src=\"https:\/\/alldo.me\/wp-content\/uploads\/2022\/05\/Pianos-2-scaled.jpg\" alt=\"\"><\/a><\/div><div class=\"vce-image-masonry-gallery-column\"><a href=\"https:\/\/alldo.me\/wp-content\/uploads\/2022\/05\/Foto-Equipo-2.jpg\" data-lightbox=\"lightbox-ce036c3e\" class=\"vce-image-masonry-gallery-item\"><img decoding=\"async\" class=\"vce-image-masonry-gallery-img\" src=\"https:\/\/alldo.me\/wp-content\/uploads\/2022\/05\/Foto-Equipo-2.jpg\" alt=\"\"><\/a><a href=\"https:\/\/alldo.me\/wp-content\/uploads\/2022\/05\/Foto-Aldo-2.jpg\" data-lightbox=\"lightbox-ce036c3e\" class=\"vce-image-masonry-gallery-item\"><img decoding=\"async\" class=\"vce-image-masonry-gallery-img\" src=\"https:\/\/alldo.me\/wp-content\/uploads\/2022\/05\/Foto-Aldo-2.jpg\" alt=\"\"><\/a><a href=\"https:\/\/alldo.me\/wp-content\/uploads\/2022\/05\/Foto-estudio-3.jpg\" data-lightbox=\"lightbox-ce036c3e\" class=\"vce-image-masonry-gallery-item\"><img decoding=\"async\" class=\"vce-image-masonry-gallery-img\" src=\"https:\/\/alldo.me\/wp-content\/uploads\/2022\/05\/Foto-estudio-3.jpg\" alt=\"\"><\/a><\/div><div class=\"vce-image-masonry-gallery-column\"><a href=\"https:\/\/alldo.me\/wp-content\/uploads\/2022\/05\/Foto-estudio-7--scaled.jpg\" data-lightbox=\"lightbox-ce036c3e\" class=\"vce-image-masonry-gallery-item\"><img decoding=\"async\" class=\"vce-image-masonry-gallery-img\" src=\"https:\/\/alldo.me\/wp-content\/uploads\/2022\/05\/Foto-estudio-7--scaled.jpg\" alt=\"\"><\/a><a href=\"https:\/\/alldo.me\/wp-content\/uploads\/2022\/05\/Mesa-produccion-2.jpg\" data-lightbox=\"lightbox-ce036c3e\" class=\"vce-image-masonry-gallery-item\"><img decoding=\"async\" class=\"vce-image-masonry-gallery-img\" src=\"https:\/\/alldo.me\/wp-content\/uploads\/2022\/05\/Mesa-produccion-2.jpg\" alt=\"\"><\/a><a href=\"https:\/\/alldo.me\/wp-content\/uploads\/2022\/05\/52688534_10157048295912974_2118467390114103296_o.jpg\" data-lightbox=\"lightbox-ce036c3e\" class=\"vce-image-masonry-gallery-item\"><img decoding=\"async\" class=\"vce-image-masonry-gallery-img\" src=\"https:\/\/alldo.me\/wp-content\/uploads\/2022\/05\/52688534_10157048295912974_2118467390114103296_o.jpg\" alt=\"\"><\/a><\/div><\/div><\/div><\/div><\/div><\/div><\/div><\/div><\/div><\/div><div class=\"vce-row-container\"><div class=\"vce-row vce-row--col-gap-30 vce-row-no-paddings vce-row-equal-height vce-row-content--top\" data-vce-full-width=\"true\" data-vce-stretch-content=\"true\" id=\"el-020255f8\" data-vce-do-apply=\"all el-020255f8\"><div class=\"vce-row-content\" data-vce-element-content=\"true\"><div class=\"vce-col vce-col--md-auto vce-col--xs-1 vce-col--xs-last vce-col--xs-first vce-col--sm-last vce-col--sm-first vce-col--md-last vce-col--lg-last vce-col--xl-last vce-col--md-first vce-col--lg-first vce-col--xl-first\" id=\"el-9ee02771\"><div class=\"vce-col-inner\" data-vce-do-apply=\"border margin background  el-9ee02771\"><div class=\"vce-col-content\" data-vce-element-content=\"true\" data-vce-do-apply=\"padding el-9ee02771\"><section class=\"vce-hero-section-container vce-hero-section-media--xs vce-hero-section-media--sm vce-hero-section-media--md vce-hero-section-media--lg vce-hero-section-media--xl\"><div class=\"vce vce-hero-section\" id=\"el-a8b8081b\" data-vce-do-apply=\"margin background border  el-a8b8081b\"><div class=\"vce-hero-section--wrap-row vce-hero-section--background-position-center-center\" style=\"background-image: url('https:\/\/alldo.me\/wp-content\/uploads\/2022\/05\/Pianos.jpeg');\"><div class=\"vce-hero-section--wrap\"><div class=\"vce-hero-section--content\" data-vce-do-apply=\"padding el-a8b8081b\"><div class=\"vce-hero-section--content-container\"><h1 style=\"color: #fff;\">Scopri i progetti in cui sono stato coinvolto<\/h1><\/div><div class=\"vce-button--style-basic-container vce-button--style-basic-container--align-center\"><span class=\"vce-button--style-basic-wrapper vce\" id=\"el-00c92d36\" data-vce-do-apply=\"margin el-00c92d36\"><a class=\"vce-button vce-button--style-basic vce-button--style-basic--border-round vce-button--style-basic--size-medium vce-button--style-basic--color-b-255-255-255--b-33-33-33 vce-button--style-basic--hover-color-b-96-96-96--fff\" href=\"https:\/\/alldo.me\/it\/portafolio\/\" title=\"\" data-vce-do-apply=\"padding border background  el-00c92d36\">Portfolio<\/a><\/span><\/div><\/div><\/div><\/div><\/div><\/section><\/div><\/div><\/div><\/div><\/div><\/div><div class=\"vce-row-container\" data-vce-boxed-width=\"true\"><div class=\"vce-row vce-row--col-gap-30 vce-row-equal-height vce-row-content--top\" id=\"el-976ecbc7\" data-vce-do-apply=\"all el-976ecbc7\"><div class=\"vce-row-content\" data-vce-element-content=\"true\"><div class=\"vce-col vce-col--md-auto vce-col--xs-1 vce-col--xs-last vce-col--xs-first vce-col--sm-last vce-col--sm-first vce-col--md-last vce-col--lg-last vce-col--xl-last vce-col--md-first vce-col--lg-first vce-col--xl-first\" id=\"el-66bfbb41\"><div class=\"vce-col-inner\" data-vce-do-apply=\"border margin background  el-66bfbb41\"><div class=\"vce-col-content\" data-vce-element-content=\"true\" data-vce-do-apply=\"padding el-66bfbb41\"><div class=\"vce-text-block\"><div class=\"vce-text-block-wrapper vce\" id=\"el-20401fb0\" data-vce-do-apply=\"all el-20401fb0\"><h1 style=\"text-align: center;\">SERVIZI<\/h1><\/div><\/div><\/div><\/div><\/div><\/div><\/div><\/div><div class=\"vce-row-container\" data-vce-boxed-width=\"true\"><div class=\"vce-row vce-row--col-gap-30 vce-row-equal-height vce-row-content--top\" id=\"el-3ea1c426\" data-vce-do-apply=\"all el-3ea1c426\"><div class=\"vce-row-content\" data-vce-element-content=\"true\"><div class=\"vce-col vce-col--md-auto vce-col--xs-1 vce-col--xs-last vce-col--xs-first vce-col--sm-last vce-col--sm-first vce-col--md-first vce-col--lg-first vce-col--xl-first\" id=\"el-ee42f77d\"><div class=\"vce-col-inner\" data-vce-do-apply=\"border margin background  el-ee42f77d\"><div class=\"vce-col-content\" data-vce-element-content=\"true\" data-vce-do-apply=\"padding el-ee42f77d\"><div class=\"vce-feature-description vce\" id=\"el-0deb1d25\" data-vce-do-apply=\"all el-0deb1d25\"><div><div class=\"vce-feature-description-image-wrapper vce-feature-description-image-align--center\" style=\"width: 300px;\"><div class=\"vce-feature-description-image vce-features-shape--filled-circle vce-feature-description-image--background-position-center-center\" style=\"background-image: url('https:\/\/alldo.me\/wp-content\/uploads\/2022\/05\/Foto-Tocando-2.jpg'); padding: 0px 0px 100%;\"><\/div><\/div><div class=\"vce-feature-description-content\"><p class=\"has-text-align-center\" style=\"color: #444444; font-weight: 400; text-transform: none; text-align: center;\"><span style=\"font-weight: bolder; font-size: 18pt;\">Produzione musicale<\/span><\/p><div class=\"wp-block-column is-vertically-aligned-center\"><p class=\"has-text-align-center\"><em>Produzione e composizione di musica e testi originali, arrangiamenti musicali, sonorizzazione di video, mixing e mastering per artisti, film, TV e radio.<\/em><\/p><\/div><\/div><\/div><\/div><\/div><\/div><\/div><div class=\"vce-col vce-col--md-auto vce-col--xs-1 vce-col--xs-last vce-col--xs-first vce-col--sm-last vce-col--sm-first\" id=\"el-f7c62ac9\"><div class=\"vce-col-inner\" data-vce-do-apply=\"border margin background  el-f7c62ac9\"><div class=\"vce-col-content\" data-vce-element-content=\"true\" data-vce-do-apply=\"padding el-f7c62ac9\"><div class=\"vce-feature-description vce\" id=\"el-d532cdab\" data-vce-do-apply=\"all el-d532cdab\"><div><div class=\"vce-feature-description-image-wrapper vce-feature-description-image-align--center\" style=\"width: 300px;\"><div class=\"vce-feature-description-image vce-features-shape--filled-circle vce-feature-description-image--background-position-center-center\" style=\"background-image: url('https:\/\/alldo.me\/wp-content\/uploads\/2022\/05\/Captura-de-Pantalla-2022-05-20-a-las-21.26.18.png'); padding: 0px 0px 100%;\"><\/div><\/div><div class=\"vce-feature-description-content\"><p class=\"has-text-align-center\" style=\"text-align: center;\"><span style=\"font-size: 18pt;\"><em><strong>Edizione di audio<\/strong><\/em><\/span><\/p><div class=\"wp-block-column is-vertically-aligned-center\"><p class=\"has-text-align-center\"><em>Pulizia e restauro audio, intonazione vocale, quantizzazione degli strumenti ed editing del suono.<\/em><\/p><\/div><\/div><\/div><\/div><\/div><\/div><\/div><div class=\"vce-col vce-col--md-auto vce-col--xs-1 vce-col--xs-last vce-col--xs-first vce-col--sm-last vce-col--sm-first vce-col--md-last vce-col--lg-last vce-col--xl-last\" id=\"el-552e8fbd\"><div class=\"vce-col-inner\" data-vce-do-apply=\"border margin background  el-552e8fbd\"><div class=\"vce-col-content\" data-vce-element-content=\"true\" data-vce-do-apply=\"padding el-552e8fbd\"><div class=\"vce-feature-description vce\" id=\"el-5d91738e\" data-vce-do-apply=\"all el-5d91738e\"><div><div class=\"vce-feature-description-image-wrapper vce-feature-description-image-align--center\" style=\"width: 300px;\"><div class=\"vce-feature-description-image vce-features-shape--filled-circle vce-feature-description-image--background-position-center-center\" style=\"background-image: url('https:\/\/alldo.me\/wp-content\/uploads\/2022\/05\/Foto-Estudio-4.jpeg'); padding: 0px 0px 100%;\"><\/div><\/div><div class=\"vce-feature-description-content\"><p class=\"has-text-align-center\" style=\"text-align: center;\"><span style=\"font-size: 18pt;\"><em><strong>Audio branding<\/strong><\/em><\/span><\/p><div class=\"wp-block-columns alignwide are-vertically-aligned-center\"><div class=\"wp-block-column is-vertically-aligned-center\"><p class=\"has-text-align-center\"><em>Audio-loghi, musica aziendale, ambientazione musicale, creazione di jingle e registrazione di locuzioni.<\/em><\/p><\/div><\/div><\/div><\/div><\/div><\/div><\/div><\/div><\/div><\/div><\/div><div class=\"vce-row-container\"><div class=\"vce-row vce-row--col-gap-30 vce-row-no-paddings vce-row-equal-height vce-row-content--top\" data-vce-full-width=\"true\" data-vce-stretch-content=\"true\" id=\"el-a86c6b5b\" data-vce-do-apply=\"all el-a86c6b5b\"><div class=\"vce-row-content\" data-vce-element-content=\"true\"><div class=\"vce-col vce-col--md-auto vce-col--xs-1 vce-col--xs-last vce-col--xs-first vce-col--sm-last vce-col--sm-first vce-col--md-last vce-col--lg-last vce-col--xl-last vce-col--md-first vce-col--lg-first vce-col--xl-first\" id=\"el-fc828a4f\"><div class=\"vce-col-inner\" data-vce-do-apply=\"border margin background  el-fc828a4f\"><div class=\"vce-col-content\" data-vce-element-content=\"true\" data-vce-do-apply=\"padding el-fc828a4f\"><section class=\"vce-hero-section-container vce-hero-section-media--xs vce-hero-section-media--sm vce-hero-section-media--md vce-hero-section-media--lg vce-hero-section-media--xl\"><div class=\"vce vce-hero-section\" id=\"el-c4de7a71\" data-vce-do-apply=\"margin background border  el-c4de7a71\"><div class=\"vce-hero-section--wrap-row vce-hero-section--background-position-center-center\"><div class=\"vce-hero-section--wrap\"><div class=\"vce-hero-section--content\" data-vce-do-apply=\"padding el-c4de7a71\"><div class=\"vce-hero-section--content-container\"><p style=\"color: #ffffff; text-align: center;\"><img loading=\"lazy\" decoding=\"async\" class=\"aligncenter wp-image-76\" src=\"https:\/\/alldo.me\/wp-content\/uploads\/2022\/05\/Blanco-1.png\" alt=\"\" width=\"5402\" height=\"1124\" srcset=\"https:\/\/alldo.me\/wp-content\/uploads\/2022\/05\/Blanco-1.png 2402w, https:\/\/alldo.me\/wp-content\/uploads\/2022\/05\/Blanco-1-300x62.png 300w, https:\/\/alldo.me\/wp-content\/uploads\/2022\/05\/Blanco-1-1024x213.png 1024w, https:\/\/alldo.me\/wp-content\/uploads\/2022\/05\/Blanco-1-768x160.png 768w, https:\/\/alldo.me\/wp-content\/uploads\/2022\/05\/Blanco-1-1536x320.png 1536w, https:\/\/alldo.me\/wp-content\/uploads\/2022\/05\/Blanco-1-2048x426.png 2048w, https:\/\/alldo.me\/wp-content\/uploads\/2022\/05\/Blanco-1-2000x416.png 2000w, https:\/\/alldo.me\/wp-content\/uploads\/2022\/05\/Blanco-1-600x125.png 600w\" sizes=\"auto, (max-width: 5402px) 100vw, 5402px\" \/><br>Per saperne di pi\u00f9 sulle produzioni audiovisive e musicali di cui sono stato responsabile, clicca sull'immagine e visita il sito di Viacolectiva, la societ\u00e0 di produzione di cui sono direttore esecutivo.<\/p><\/div><div class=\"vce-button--style-basic-container vce-button--style-basic-container--align-center\"><span class=\"vce-button--style-basic-wrapper vce\" id=\"el-e235eb92\" data-vce-do-apply=\"margin el-e235eb92\"><a class=\"vce-button vce-button--style-basic vce-button--style-basic--border-round vce-button--style-basic--size-medium vce-button--style-basic--color-b-255-255-255--b-47-47-47\" href=\"https:\/\/viacolectiva.com\" title=\"\" data-vce-do-apply=\"padding border background  el-e235eb92\">Viacolectiva.com<\/a><\/span><\/div><\/div><\/div><\/div><\/div><\/section><\/div><\/div><\/div><\/div><\/div><\/div><div class=\"vce-row-container\"><div class=\"vce-row vce-row--col-gap-30 vce-row-no-paddings vce-row-equal-height vce-row-content--top\" data-vce-full-width=\"true\" data-vce-stretch-content=\"true\" id=\"el-dd057bb9\" data-vce-do-apply=\"all el-dd057bb9\"><div class=\"vce-content-background-container\"><\/div><div class=\"vce-row-content\" data-vce-element-content=\"true\"><div class=\"vce-col vce-col--md-auto vce-col--xs-1 vce-col--xs-last vce-col--xs-first vce-col--sm-last vce-col--sm-first vce-col--md-last vce-col--lg-last vce-col--xl-last vce-col--md-first vce-col--lg-first vce-col--xl-first\" id=\"el-0c03c3b8\"><div class=\"vce-col-inner\" data-vce-do-apply=\"border margin background  el-0c03c3b8\"><div class=\"vce-col-content\" data-vce-element-content=\"true\" data-vce-do-apply=\"padding el-0c03c3b8\"><section class=\"vce-hero-section-container vce-hero-section-media--xs vce-hero-section-media--sm vce-hero-section-media--md vce-hero-section-media--lg vce-hero-section-media--xl\"><div class=\"vce vce-hero-section\" id=\"el-b9b7a32e\" data-vce-do-apply=\"margin background border  el-b9b7a32e\"><div class=\"vce-hero-section--wrap-row vce-hero-section--background-position-center-center\" style=\"background-image: url('https:\/\/alldo.me\/wp-content\/uploads\/2022\/05\/10.jpeg');\"><div class=\"vce-hero-section--wrap\"><div class=\"vce-hero-section--content\" data-vce-do-apply=\"padding el-b9b7a32e\"><div class=\"vce-hero-section--content-container\"><p style=\"color: #ffffff; text-align: center;\"><span style=\"font-size: 18pt;\">Se pensi che il mio suono e il mio approccio si adatti a ci\u00f2 che stai cercando, mi piacerebbe sapere di te e dei tuoi progetti<\/span><\/p><\/div><div class=\"vce-button--style-basic-container vce-button--style-basic-container--align-center\"><span class=\"vce-button--style-basic-wrapper vce\" id=\"el-701808eb\" data-vce-do-apply=\"margin el-701808eb\"><a class=\"vce-button vce-button--style-basic vce-button--style-basic--border-round vce-button--style-basic--size-medium vce-button--style-basic--color-b-255-255-255--b-33-33-33 vce-button--style-basic--hover-color-b-255-255-255--b-33-33-33\" href=\"https:\/\/alldo.me\/it\/conversemos\/\" title=\"\" data-vce-do-apply=\"padding border background  el-701808eb\">Parliamo!<\/a><\/span><\/div><\/div><\/div><\/div><\/div><\/section><\/div><\/div><\/div><\/div><\/div><\/div><div class=\"vce-row-container\"><div class=\"vce-row vce-row--col-gap-30 vce-row-no-paddings vce-row-equal-height vce-row-content--top\" data-vce-full-width=\"true\" data-vce-stretch-content=\"true\" id=\"el-81cd671d\" data-vce-do-apply=\"all el-81cd671d\"><div class=\"vce-content-background-container\"><\/div><div class=\"vce-row-content\" data-vce-element-content=\"true\"><div class=\"vce-col vce-col--md-auto vce-col--xs-1 vce-col--xs-last vce-col--xs-first vce-col--sm-last vce-col--sm-first vce-col--md-last vce-col--lg-last vce-col--xl-last vce-col--md-first vce-col--lg-first vce-col--xl-first\" id=\"el-93e2fd2f\"><div class=\"vce-col-inner\" data-vce-do-apply=\"border margin background  el-93e2fd2f\"><div class=\"vce-col-content\" data-vce-element-content=\"true\" data-vce-do-apply=\"padding el-93e2fd2f\"><div class=\"vce-single-image-container vce-single-image--align-left\"><div class=\"vce vce-single-image-wrapper\" id=\"el-73f7bc4b\" data-vce-do-apply=\"all el-73f7bc4b\"><figure><div class=\"vce-single-image-figure-inner\" style=\"width: 1024px;\"><div class=\"vce-single-image-inner vce-single-image--absolute\" style=\"width: 100%; padding-bottom: 66.6015625%;\"><img loading=\"lazy\" decoding=\"async\" class=\"vce-single-image\"  width=\"1024\" height=\"682\" srcset=\"https:\/\/alldo.me\/wp-content\/uploads\/2022\/07\/10-320x213.jpg 320w,https:\/\/alldo.me\/wp-content\/uploads\/2022\/07\/10-480x320.jpg 480w,https:\/\/alldo.me\/wp-content\/uploads\/2022\/07\/10-800x533.jpg 800w,https:\/\/alldo.me\/wp-content\/uploads\/2022\/07\/10-1024x682.jpg 1024w\" src=\"https:\/\/alldo.me\/wp-content\/uploads\/2022\/07\/10-1024x682.jpg\" data-img-src=\"https:\/\/alldo.me\/wp-content\/uploads\/2022\/05\/10.jpg\" alt=\"\" title=\"10\" \/><\/div><\/div><figcaption hidden=\"\"><\/figcaption><\/figure><\/div><\/div><\/div><\/div><\/div><\/div><\/div><\/div><div class=\"vce-row-container\"><div class=\"vce-row vce-row--col-gap-30 vce-row-no-paddings vce-row-equal-height vce-row-content--top\" data-vce-full-width=\"true\" data-vce-stretch-content=\"true\" id=\"el-f61d0509\" data-vce-do-apply=\"all el-f61d0509\"><div class=\"vce-content-background-container\"><\/div><div class=\"vce-row-content\" data-vce-element-content=\"true\"><div class=\"vce-col vce-col--md-auto vce-col--xs-1 vce-col--xs-last vce-col--xs-first vce-col--sm-last vce-col--sm-first vce-col--md-last vce-col--lg-last vce-col--xl-last vce-col--md-first vce-col--lg-first vce-col--xl-first\" id=\"el-19d95dad\"><div class=\"vce-col-inner\" data-vce-do-apply=\"border margin background  el-19d95dad\"><div class=\"vce-col-content\" data-vce-element-content=\"true\" data-vce-do-apply=\"padding el-19d95dad\"><section class=\"vce-hero-section-container vce-hero-section-media--xs vce-hero-section-media--sm vce-hero-section-media--md vce-hero-section-media--lg vce-hero-section-media--xl\"><div class=\"vce vce-hero-section\" id=\"el-9f261607\" data-vce-do-apply=\"margin background border  el-9f261607\"><div class=\"vce-hero-section--wrap-row vce-hero-section--background-position-center-center\"><div class=\"vce-hero-section--wrap\"><div class=\"vce-hero-section--content\" data-vce-do-apply=\"padding el-9f261607\"><div class=\"vce-hero-section--content-container\"><p style=\"color: #ffffff; text-align: center;\"><span style=\"font-size: 18pt; color: #000000;\">Se pensi che il mio suono e il mio approccio si adatti a ci\u00f2 che stai cercando, mi piacerebbe sapere di te e dei tuoi progetti<\/span><\/p><\/div><div class=\"vce-button--style-basic-container vce-button--style-basic-container--align-center\"><span class=\"vce-button--style-basic-wrapper vce\" id=\"el-701808eb\" data-vce-do-apply=\"margin el-701808eb\"><a class=\"vce-button vce-button--style-basic vce-button--style-basic--border-round vce-button--style-basic--size-medium vce-button--style-basic--color-b-33-33-33--b-255-255-255 vce-button--style-basic--hover-color-b-255-255-255--b-33-33-33\" href=\"https:\/\/alldo.me\/it\/conversemos\/\" title=\"\" data-vce-do-apply=\"padding border background  el-701808eb\">Parliamo!<\/a><\/span><\/div><\/div><\/div><\/div><\/div><\/section><\/div><\/div><\/div><\/div><\/div><\/div>","protected":false},"excerpt":{"rendered":"<p>Mi nombre es Aldo, soy productor musical y compositor. He tenido el privilegio de trabajar con una gran variedad de artistas talentosos, tocando en eventos, produciendo singles, \u00e1lbumes y escribiendo canciones; tambi\u00e9n he trabajado para la radio y televisi\u00f3n haciendo m\u00fasica para programas y con empresas musicalizando documentales, locuciones y produciendo jingles.Conoce los proyectos en &hellip; <\/p>\n<p class=\"link-more\"><a href=\"https:\/\/alldo.me\/it\/\" class=\"more-link\">Leggi tutto<span class=\"screen-reader-text\"> \u00ab\u00bb<\/span><\/a><\/p>","protected":false},"author":1,"featured_media":0,"parent":0,"menu_order":0,"comment_status":"closed","ping_status":"closed","template":"","meta":{"spay_email":"","footnotes":""},"class_list":["post-137","page","type-page","status-publish","hentry"],"featured_media_urls":[],"_links":{"self":[{"href":"https:\/\/alldo.me\/it\/wp-json\/wp\/v2\/pages\/137","targetHints":{"allow":["GET"]}}],"collection":[{"href":"https:\/\/alldo.me\/it\/wp-json\/wp\/v2\/pages"}],"about":[{"href":"https:\/\/alldo.me\/it\/wp-json\/wp\/v2\/types\/page"}],"author":[{"embeddable":true,"href":"https:\/\/alldo.me\/it\/wp-json\/wp\/v2\/users\/1"}],"replies":[{"embeddable":true,"href":"https:\/\/alldo.me\/it\/wp-json\/wp\/v2\/comments?post=137"}],"version-history":[{"count":16,"href":"https:\/\/alldo.me\/it\/wp-json\/wp\/v2\/pages\/137\/revisions"}],"predecessor-version":[{"id":164,"href":"https:\/\/alldo.me\/it\/wp-json\/wp\/v2\/pages\/137\/revisions\/164"}],"wp:attachment":[{"href":"https:\/\/alldo.me\/it\/wp-json\/wp\/v2\/media?parent=137"}],"curies":[{"name":"wp","href":"https:\/\/api.w.org\/{rel}","templated":true}]}}